{"id":372,"date":"2025-11-07T09:42:07","date_gmt":"2025-11-07T08:42:07","guid":{"rendered":"https:\/\/aulinas.cat\/contacto\/"},"modified":"2026-01-29T08:50:52","modified_gmt":"2026-01-29T07:50:52","slug":"contacto","status":"publish","type":"page","link":"https:\/\/aulinas.cat\/es\/contacto\/","title":{"rendered":"Contacto"},"content":{"rendered":"\t\t<div data-elementor-type=\"wp-page\" data-elementor-id=\"372\" class=\"elementor elementor-372 elementor-283\" data-elementor-post-type=\"page\">\n\t\t\t\t<div class=\"elementor-element elementor-element-36ae2f2 e-con-full e-flex e-con e-parent\" data-id=\"36ae2f2\" data-element_type=\"container\">\n\t\t<div class=\"elementor-element elementor-element-3f9844c e-con-full e-flex e-con e-child\" data-id=\"3f9844c\" data-element_type=\"container\" data-settings=\"{&quot;background_background&quot;:&quot;classic&quot;}\">\n\t\t\t\t<div class=\"elementor-element elementor-element-d33a63b elementor-widget elementor-widget-heading\" data-id=\"d33a63b\" data-element_type=\"widget\" data-widget_type=\"heading.default\">\n\t\t\t\t\t<h1 class=\"elementor-heading-title elementor-size-default\">Contacto<\/h1>\t\t\t\t<\/div>\n\t\t\t\t<\/div>\n\t\t<div class=\"elementor-element elementor-element-70070d3 e-con-full e-flex e-con e-child\" data-id=\"70070d3\" data-element_type=\"container\" data-settings=\"{&quot;background_background&quot;:&quot;classic&quot;}\">\n\t\t\t\t<\/div>\n\t\t\t\t<\/div>\n\t\t<div class=\"elementor-element elementor-element-a2416f4 e-con-full e-flex e-con e-parent\" data-id=\"a2416f4\" data-element_type=\"container\">\n\t\t<div class=\"elementor-element elementor-element-ff36bed e-con-full e-flex e-con e-child\" data-id=\"ff36bed\" data-element_type=\"container\" data-settings=\"{&quot;background_background&quot;:&quot;classic&quot;}\">\n\t\t\t\t<div class=\"elementor-element elementor-element-47b16fd elementor-invisible elementor-widget elementor-widget-text-editor\" data-id=\"47b16fd\" data-element_type=\"widget\" data-settings=\"{&quot;_animation&quot;:&quot;fadeIn&quot;,&quot;_animation_delay&quot;:600}\" data-widget_type=\"text-editor.default\">\n\t\t\t\t\t\t\t\t\t<p>En Aulinas Assessors le ofrecemos un trato cercano y una atenci\u00f3n personalizada.<br>Puede contactarnos por tel\u00e9fono, correo o a trav\u00e9s del formulario.<\/p>\t\t\t\t\t\t\t\t<\/div>\n\t\t\t\t<div class=\"elementor-element elementor-element-54203c3 elementor-position-left elementor-vertical-align-top elementor-invisible elementor-widget elementor-widget-image-box\" data-id=\"54203c3\" data-element_type=\"widget\" data-settings=\"{&quot;_animation&quot;:&quot;fadeInDown&quot;,&quot;_animation_delay&quot;:500}\" data-widget_type=\"image-box.default\">\n\t\t\t\t\t<div class=\"elementor-image-box-wrapper\"><figure class=\"elementor-image-box-img\"><a href=\"tel:972261789\" target=\"_blank\" tabindex=\"-1\"><img decoding=\"async\" width=\"26\" height=\"38\" src=\"https:\/\/aulinas.cat\/wp-content\/uploads\/2025\/11\/aulinas-telefon.png\" class=\"attachment-full size-full wp-image-367\" alt=\"Icono tel\u00e9fono\" \/><\/a><\/figure><div class=\"elementor-image-box-content\"><h3 class=\"elementor-image-box-title\"><a href=\"tel:972261789\" target=\"_blank\">972 26 17 89<\/a><\/h3><\/div><\/div>\t\t\t\t<\/div>\n\t\t\t\t<div class=\"elementor-element elementor-element-c4e53b6 elementor-position-left elementor-vertical-align-top elementor-invisible elementor-widget elementor-widget-image-box\" data-id=\"c4e53b6\" data-element_type=\"widget\" data-settings=\"{&quot;_animation&quot;:&quot;fadeInDown&quot;,&quot;_animation_delay&quot;:500}\" data-widget_type=\"image-box.default\">\n\t\t\t\t\t<div class=\"elementor-image-box-wrapper\"><figure class=\"elementor-image-box-img\"><img decoding=\"async\" width=\"30\" height=\"25\" src=\"https:\/\/aulinas.cat\/wp-content\/uploads\/2025\/11\/aulinas-correu.png\" class=\"attachment-full size-full wp-image-368\" alt=\"Icono correo\" \/><\/figure><div class=\"elementor-image-box-content\"><h3 class=\"elementor-image-box-title\">aulinas@aulinas.cat<\/h3><\/div><\/div>\t\t\t\t<\/div>\n\t\t\t\t<div class=\"elementor-element elementor-element-70ddf1b elementor-position-left elementor-vertical-align-top elementor-invisible elementor-widget elementor-widget-image-box\" data-id=\"70ddf1b\" data-element_type=\"widget\" data-settings=\"{&quot;_animation&quot;:&quot;fadeInDown&quot;,&quot;_animation_delay&quot;:500}\" data-widget_type=\"image-box.default\">\n\t\t\t\t\t<div class=\"elementor-image-box-wrapper\"><figure class=\"elementor-image-box-img\"><a href=\"https:\/\/maps.app.goo.gl\/MGnbdMwHq8zXa8Sg8\" target=\"_blank\" tabindex=\"-1\"><img decoding=\"async\" width=\"32\" height=\"39\" src=\"https:\/\/aulinas.cat\/wp-content\/uploads\/2025\/11\/aulinas-localitzacio.png\" class=\"attachment-full size-full wp-image-369\" alt=\"Icono localizaci\u00f3n\" \/><\/a><\/figure><div class=\"elementor-image-box-content\"><h3 class=\"elementor-image-box-title\"><a href=\"https:\/\/maps.app.goo.gl\/MGnbdMwHq8zXa8Sg8\" target=\"_blank\">Pla\u00e7a del Palau, 11, 17800 Olot, Girona.<\/a><\/h3><\/div><\/div>\t\t\t\t<\/div>\n\t\t\t\t<div class=\"elementor-element elementor-element-6f5d4cc elementor-position-left elementor-vertical-align-top elementor-invisible elementor-widget elementor-widget-image-box\" data-id=\"6f5d4cc\" data-element_type=\"widget\" data-settings=\"{&quot;_animation&quot;:&quot;fadeInDown&quot;,&quot;_animation_delay&quot;:500}\" data-widget_type=\"image-box.default\">\n\t\t\t\t\t<div class=\"elementor-image-box-wrapper\"><figure class=\"elementor-image-box-img\"><img loading=\"lazy\" decoding=\"async\" width=\"30\" height=\"30\" src=\"https:\/\/aulinas.cat\/wp-content\/uploads\/2025\/11\/aulinas-horari.png\" class=\"attachment-full size-full wp-image-370\" alt=\"Icono hora\" \/><\/figure><div class=\"elementor-image-box-content\"><h3 class=\"elementor-image-box-title\">Horario de invierno<\/h3><p class=\"elementor-image-box-description\">De lunes a jueves, de 9:00 a 13:30 y de 15:00 a 18:00 h.<br>Los viernes, de 8 a 14 h\n<br>Horario de verano<br>De lunes a viernes de 8:00 h a 14 h.<\/p><\/div><\/div>\t\t\t\t<\/div>\n\t\t\t\t<\/div>\n\t\t<div class=\"elementor-element elementor-element-34f348a e-con-full e-flex e-con e-child\" data-id=\"34f348a\" data-element_type=\"container\">\n\t\t\t\t<div class=\"elementor-element elementor-element-9c14646 elementor-invisible elementor-widget elementor-widget-heading\" data-id=\"9c14646\" data-element_type=\"widget\" data-settings=\"{&quot;_animation&quot;:&quot;fadeInDown&quot;}\" data-widget_type=\"heading.default\">\n\t\t\t\t\t<h4 class=\"elementor-heading-title elementor-size-default\">\u00bfAlguna consulta?<\/h4>\t\t\t\t<\/div>\n\t\t\t\t<div class=\"elementor-element elementor-element-cccbc63 elementor-button-align-start elementor-mobile-button-align-center elementor-invisible elementor-widget elementor-widget-form\" data-id=\"cccbc63\" data-element_type=\"widget\" data-settings=\"{&quot;step_next_label&quot;:&quot;Siguiente&quot;,&quot;step_previous_label&quot;:&quot;Anterior&quot;,&quot;_animation&quot;:&quot;fadeIn&quot;,&quot;_animation_delay&quot;:600,&quot;button_width&quot;:&quot;100&quot;,&quot;step_type&quot;:&quot;number_text&quot;,&quot;step_icon_shape&quot;:&quot;circle&quot;}\" data-widget_type=\"form.default\">\n\t\t\t\t\t\t\t<form class=\"elementor-form\" method=\"post\" name=\"Contacto\" aria-label=\"Contacto\">\n\t\t\t<input type=\"hidden\" name=\"post_id\" value=\"372\"\/>\n\t\t\t<input type=\"hidden\" name=\"form_id\" value=\"cccbc63\"\/>\n\t\t\t<input type=\"hidden\" name=\"referer_title\" value=\"Assessoria Aulinas\" \/>\n\n\t\t\t\n\t\t\t<div class=\"elementor-form-fields-wrapper elementor-labels-\">\n\t\t\t\t\t\t\t\t<div class=\"elementor-field-type-text elementor-field-group elementor-column elementor-field-group-name elementor-col-100\">\n\t\t\t\t\t\t\t\t\t\t\t\t<label for=\"form-field-name\" class=\"elementor-field-label elementor-screen-only\">\n\t\t\t\t\t\t\t\tNombre y Apellidos\t\t\t\t\t\t\t<\/label>\n\t\t\t\t\t\t\t\t\t\t\t\t\t\t<input size=\"1\" type=\"text\" name=\"form_fields[name]\" id=\"form-field-name\" class=\"elementor-field elementor-size-sm  elementor-field-textual\" placeholder=\"Nombre y Apellidos\">\n\t\t\t\t\t\t\t\t\t\t\t<\/div>\n\t\t\t\t\t\t\t\t<div class=\"elementor-field-type-email elementor-field-group elementor-column elementor-field-group-email elementor-col-100 elementor-field-required\">\n\t\t\t\t\t\t\t\t\t\t\t\t<label for=\"form-field-email\" class=\"elementor-field-label elementor-screen-only\">\n\t\t\t\t\t\t\t\tCorreo electr\u00f3nico\t\t\t\t\t\t\t<\/label>\n\t\t\t\t\t\t\t\t\t\t\t\t\t\t<input size=\"1\" type=\"email\" name=\"form_fields[email]\" id=\"form-field-email\" class=\"elementor-field elementor-size-sm  elementor-field-textual\" placeholder=\"Correo electr\u00f3nico\" required=\"required\">\n\t\t\t\t\t\t\t\t\t\t\t<\/div>\n\t\t\t\t\t\t\t\t<div class=\"elementor-field-type-tel elementor-field-group elementor-column elementor-field-group-field_aab0ac4 elementor-col-100 elementor-field-required\">\n\t\t\t\t\t\t\t\t\t\t\t\t<label for=\"form-field-field_aab0ac4\" class=\"elementor-field-label elementor-screen-only\">\n\t\t\t\t\t\t\t\tTel\u00e9fono\t\t\t\t\t\t\t<\/label>\n\t\t\t\t\t\t\t\t<input size=\"1\" type=\"tel\" name=\"form_fields[field_aab0ac4]\" id=\"form-field-field_aab0ac4\" class=\"elementor-field elementor-size-sm  elementor-field-textual\" placeholder=\"Tel\u00e9fono\" required=\"required\" pattern=\"[0-9()#&amp;+*-=.]+\" title=\"Solo se aceptan n\u00fameros y caracteres de tel\u00e9fono (#,-,*,etc).\">\n\n\t\t\t\t\t\t<\/div>\n\t\t\t\t\t\t\t\t<div class=\"elementor-field-type-textarea elementor-field-group elementor-column elementor-field-group-message elementor-col-100\">\n\t\t\t\t\t\t\t\t\t\t\t\t<label for=\"form-field-message\" class=\"elementor-field-label elementor-screen-only\">\n\t\t\t\t\t\t\t\tMensaje \t\t\t\t\t\t\t<\/label>\n\t\t\t\t\t\t<textarea class=\"elementor-field-textual elementor-field  elementor-size-sm\" name=\"form_fields[message]\" id=\"form-field-message\" rows=\"4\" placeholder=\"Mensaje \"><\/textarea>\t\t\t\t<\/div>\n\t\t\t\t\t\t\t\t<div class=\"elementor-field-type-acceptance elementor-field-group elementor-column elementor-field-group-field_0d1f660 elementor-col-100 elementor-field-required\">\n\t\t\t\t\t\t\t\t\t\t\t\t<label for=\"form-field-field_0d1f660\" class=\"elementor-field-label elementor-screen-only\">\n\t\t\t\t\t\t\t\tAceptaci\u00f3n legal\t\t\t\t\t\t\t<\/label>\n\t\t\t\t\t\t\t\t<div class=\"elementor-field-subgroup\">\n\t\t\t<span class=\"elementor-field-option\">\n\t\t\t\t<input type=\"checkbox\" name=\"form_fields[field_0d1f660]\" id=\"form-field-field_0d1f660\" class=\"elementor-field elementor-size-sm  elementor-acceptance-field\" required=\"required\">\n\t\t\t\t<label for=\"form-field-field_0d1f660\"><font size=\"2\">  \n  Acepto la gesti\u00f3n de mis datos como se indica en la pol\u00edtica de privacidad.\n<\/font><\/label>\t\t\t<\/span>\n\t\t<\/div>\n\t\t\t\t\t\t<\/div>\n\t\t\t\t\t\t\t\t<div class=\"elementor-field-group elementor-column elementor-field-type-submit elementor-col-100 e-form__buttons\">\n\t\t\t\t\t<button class=\"elementor-button elementor-size-sm\" type=\"submit\">\n\t\t\t\t\t\t<span class=\"elementor-button-content-wrapper\">\n\t\t\t\t\t\t\t\t\t\t\t\t\t\t\t\t\t\t\t\t\t\t<span class=\"elementor-button-text\">Enviar<\/span>\n\t\t\t\t\t\t\t\t\t\t\t\t\t<\/span>\n\t\t\t\t\t<\/button>\n\t\t\t\t<\/div>\n\t\t\t<\/div>\n\t\t<\/form>\n\t\t\t\t\t\t<\/div>\n\t\t\t\t<\/div>\n\t\t\t\t<\/div>\n\t\t<div class=\"elementor-element elementor-element-83843c4 e-con-full e-flex e-con e-parent\" data-id=\"83843c4\" data-element_type=\"container\">\n\t\t\t\t<div class=\"elementor-element elementor-element-16f52ea elementor-widget elementor-widget-google_maps\" data-id=\"16f52ea\" data-element_type=\"widget\" data-widget_type=\"google_maps.default\">\n\t\t\t\t\t\t\t<div class=\"elementor-custom-embed\">\n\t\t\t<iframe loading=\"lazy\"\n\t\t\t\t\tsrc=\"https:\/\/maps.google.com\/maps?q=aulinas%20assessors&#038;t=m&#038;z=10&#038;output=embed&#038;iwloc=near\"\n\t\t\t\t\ttitle=\"aulinas assessors\"\n\t\t\t\t\taria-label=\"aulinas assessors\"\n\t\t\t><\/iframe>\n\t\t<\/div>\n\t\t\t\t\t\t<\/div>\n\t\t\t\t<\/div>\n\t\t\t\t<\/div>\n\t\t","protected":false},"excerpt":{"rendered":"<p>Contacto En Aulinas Assessors le ofrecemos un trato cercano y una atenci\u00f3n personalizada.Puede contactarnos por tel\u00e9fono, correo o a trav\u00e9s del formulario. 972 26 17 89 aulinas@aulinas.cat Pla\u00e7a del Palau, 11, 17800 Olot, Girona. Horario de invierno De lunes a jueves, de 9:00 a 13:30 y de 15:00 a 18:00 h.Los viernes, de 8 a [&hellip;]<\/p>\n","protected":false},"author":1,"featured_media":394,"parent":0,"menu_order":0,"comment_status":"closed","ping_status":"closed","template":"elementor_header_footer","meta":{"footnotes":""},"class_list":["post-372","page","type-page","status-publish","has-post-thumbnail","hentry"],"yoast_head":"<!-- This site is optimized with the Yoast SEO plugin v27.3 - https:\/\/yoast.com\/product\/yoast-seo-wordpress\/ -->\n<title>Contacto asesor\u00eda gestor\u00eda Olot - Assessoria Aulinas<\/title>\n<meta name=\"description\" content=\"Encuentre toda la informaci\u00f3n de contacto de la asesor\u00eda y gestor\u00eda de Olot y solicite asesoramiento fiscal, laboral o inmobiliario.\" \/>\n<meta name=\"robots\" content=\"index, follow, max-snippet:-1, max-image-preview:large, max-video-preview:-1\" \/>\n<link rel=\"canonical\" href=\"https:\/\/aulinas.cat\/es\/contacto\/\" \/>\n<meta property=\"og:locale\" content=\"es_ES\" \/>\n<meta property=\"og:type\" content=\"article\" \/>\n<meta property=\"og:title\" content=\"Contacto asesor\u00eda gestor\u00eda Olot - Assessoria Aulinas\" \/>\n<meta property=\"og:description\" content=\"Encuentre toda la informaci\u00f3n de contacto de la asesor\u00eda y gestor\u00eda de Olot y solicite asesoramiento fiscal, laboral o inmobiliario.\" \/>\n<meta property=\"og:url\" content=\"https:\/\/aulinas.cat\/es\/contacto\/\" \/>\n<meta property=\"og:site_name\" content=\"Assessoria Aulinas\" \/>\n<meta property=\"article:modified_time\" content=\"2026-01-29T07:50:52+00:00\" \/>\n<meta property=\"og:image\" content=\"https:\/\/aulinas.cat\/wp-content\/uploads\/2025\/11\/aulinas-assessors-simbol-a.jpg\" \/>\n\t<meta property=\"og:image:width\" content=\"170\" \/>\n\t<meta property=\"og:image:height\" content=\"170\" \/>\n\t<meta property=\"og:image:type\" content=\"image\/jpeg\" \/>\n<meta name=\"twitter:card\" content=\"summary_large_image\" \/>\n<meta name=\"twitter:label1\" content=\"Tiempo de lectura\" \/>\n\t<meta name=\"twitter:data1\" content=\"2 minutos\" \/>\n<script type=\"application\/ld+json\" class=\"yoast-schema-graph\">{\"@context\":\"https:\\\/\\\/schema.org\",\"@graph\":[{\"@type\":\"WebPage\",\"@id\":\"https:\\\/\\\/aulinas.cat\\\/es\\\/contacto\\\/\",\"url\":\"https:\\\/\\\/aulinas.cat\\\/es\\\/contacto\\\/\",\"name\":\"Contacto asesor\u00eda gestor\u00eda Olot - Assessoria Aulinas\",\"isPartOf\":{\"@id\":\"https:\\\/\\\/aulinas.cat\\\/es\\\/#website\"},\"primaryImageOfPage\":{\"@id\":\"https:\\\/\\\/aulinas.cat\\\/es\\\/contacto\\\/#primaryimage\"},\"image\":{\"@id\":\"https:\\\/\\\/aulinas.cat\\\/es\\\/contacto\\\/#primaryimage\"},\"thumbnailUrl\":\"https:\\\/\\\/aulinas.cat\\\/wp-content\\\/uploads\\\/2025\\\/11\\\/aulinas-assessors-simbol-a.jpg\",\"datePublished\":\"2025-11-07T08:42:07+00:00\",\"dateModified\":\"2026-01-29T07:50:52+00:00\",\"description\":\"Encuentre toda la informaci\u00f3n de contacto de la asesor\u00eda y gestor\u00eda de Olot y solicite asesoramiento fiscal, laboral o inmobiliario.\",\"breadcrumb\":{\"@id\":\"https:\\\/\\\/aulinas.cat\\\/es\\\/contacto\\\/#breadcrumb\"},\"inLanguage\":\"es\",\"potentialAction\":[{\"@type\":\"ReadAction\",\"target\":[\"https:\\\/\\\/aulinas.cat\\\/es\\\/contacto\\\/\"]}]},{\"@type\":\"ImageObject\",\"inLanguage\":\"es\",\"@id\":\"https:\\\/\\\/aulinas.cat\\\/es\\\/contacto\\\/#primaryimage\",\"url\":\"https:\\\/\\\/aulinas.cat\\\/wp-content\\\/uploads\\\/2025\\\/11\\\/aulinas-assessors-simbol-a.jpg\",\"contentUrl\":\"https:\\\/\\\/aulinas.cat\\\/wp-content\\\/uploads\\\/2025\\\/11\\\/aulinas-assessors-simbol-a.jpg\",\"width\":170,\"height\":170,\"caption\":\"S\u00edmbolo Aulinas Asesores negro y rojo\"},{\"@type\":\"BreadcrumbList\",\"@id\":\"https:\\\/\\\/aulinas.cat\\\/es\\\/contacto\\\/#breadcrumb\",\"itemListElement\":[{\"@type\":\"ListItem\",\"position\":1,\"name\":\"Inicio\",\"item\":\"https:\\\/\\\/aulinas.cat\\\/es\\\/inicio\\\/\"},{\"@type\":\"ListItem\",\"position\":2,\"name\":\"Contacto\"}]},{\"@type\":\"WebSite\",\"@id\":\"https:\\\/\\\/aulinas.cat\\\/es\\\/#website\",\"url\":\"https:\\\/\\\/aulinas.cat\\\/es\\\/\",\"name\":\"Assessoria Aulinas\",\"description\":\"\",\"publisher\":{\"@id\":\"https:\\\/\\\/aulinas.cat\\\/es\\\/#organization\"},\"potentialAction\":[{\"@type\":\"SearchAction\",\"target\":{\"@type\":\"EntryPoint\",\"urlTemplate\":\"https:\\\/\\\/aulinas.cat\\\/es\\\/?s={search_term_string}\"},\"query-input\":{\"@type\":\"PropertyValueSpecification\",\"valueRequired\":true,\"valueName\":\"search_term_string\"}}],\"inLanguage\":\"es\"},{\"@type\":\"Organization\",\"@id\":\"https:\\\/\\\/aulinas.cat\\\/es\\\/#organization\",\"name\":\"Assessoria Aulinas\",\"url\":\"https:\\\/\\\/aulinas.cat\\\/es\\\/\",\"logo\":{\"@type\":\"ImageObject\",\"inLanguage\":\"es\",\"@id\":\"https:\\\/\\\/aulinas.cat\\\/es\\\/#\\\/schema\\\/logo\\\/image\\\/\",\"url\":\"https:\\\/\\\/aulinas.cat\\\/wp-content\\\/uploads\\\/2025\\\/11\\\/aulinas-assessors-logotip-negre-vermell.png\",\"contentUrl\":\"https:\\\/\\\/aulinas.cat\\\/wp-content\\\/uploads\\\/2025\\\/11\\\/aulinas-assessors-logotip-negre-vermell.png\",\"width\":639,\"height\":186,\"caption\":\"Assessoria Aulinas\"},\"image\":{\"@id\":\"https:\\\/\\\/aulinas.cat\\\/es\\\/#\\\/schema\\\/logo\\\/image\\\/\"}}]}<\/script>\n<!-- \/ Yoast SEO plugin. -->","yoast_head_json":{"title":"Contacto asesor\u00eda gestor\u00eda Olot - Assessoria Aulinas","description":"Encuentre toda la informaci\u00f3n de contacto de la asesor\u00eda y gestor\u00eda de Olot y solicite asesoramiento fiscal, laboral o inmobiliario.","robots":{"index":"index","follow":"follow","max-snippet":"max-snippet:-1","max-image-preview":"max-image-preview:large","max-video-preview":"max-video-preview:-1"},"canonical":"https:\/\/aulinas.cat\/es\/contacto\/","og_locale":"es_ES","og_type":"article","og_title":"Contacto asesor\u00eda gestor\u00eda Olot - Assessoria Aulinas","og_description":"Encuentre toda la informaci\u00f3n de contacto de la asesor\u00eda y gestor\u00eda de Olot y solicite asesoramiento fiscal, laboral o inmobiliario.","og_url":"https:\/\/aulinas.cat\/es\/contacto\/","og_site_name":"Assessoria Aulinas","article_modified_time":"2026-01-29T07:50:52+00:00","og_image":[{"width":170,"height":170,"url":"https:\/\/aulinas.cat\/wp-content\/uploads\/2025\/11\/aulinas-assessors-simbol-a.jpg","type":"image\/jpeg"}],"twitter_card":"summary_large_image","twitter_misc":{"Tiempo de lectura":"2 minutos"},"schema":{"@context":"https:\/\/schema.org","@graph":[{"@type":"WebPage","@id":"https:\/\/aulinas.cat\/es\/contacto\/","url":"https:\/\/aulinas.cat\/es\/contacto\/","name":"Contacto asesor\u00eda gestor\u00eda Olot - Assessoria Aulinas","isPartOf":{"@id":"https:\/\/aulinas.cat\/es\/#website"},"primaryImageOfPage":{"@id":"https:\/\/aulinas.cat\/es\/contacto\/#primaryimage"},"image":{"@id":"https:\/\/aulinas.cat\/es\/contacto\/#primaryimage"},"thumbnailUrl":"https:\/\/aulinas.cat\/wp-content\/uploads\/2025\/11\/aulinas-assessors-simbol-a.jpg","datePublished":"2025-11-07T08:42:07+00:00","dateModified":"2026-01-29T07:50:52+00:00","description":"Encuentre toda la informaci\u00f3n de contacto de la asesor\u00eda y gestor\u00eda de Olot y solicite asesoramiento fiscal, laboral o inmobiliario.","breadcrumb":{"@id":"https:\/\/aulinas.cat\/es\/contacto\/#breadcrumb"},"inLanguage":"es","potentialAction":[{"@type":"ReadAction","target":["https:\/\/aulinas.cat\/es\/contacto\/"]}]},{"@type":"ImageObject","inLanguage":"es","@id":"https:\/\/aulinas.cat\/es\/contacto\/#primaryimage","url":"https:\/\/aulinas.cat\/wp-content\/uploads\/2025\/11\/aulinas-assessors-simbol-a.jpg","contentUrl":"https:\/\/aulinas.cat\/wp-content\/uploads\/2025\/11\/aulinas-assessors-simbol-a.jpg","width":170,"height":170,"caption":"S\u00edmbolo Aulinas Asesores negro y rojo"},{"@type":"BreadcrumbList","@id":"https:\/\/aulinas.cat\/es\/contacto\/#breadcrumb","itemListElement":[{"@type":"ListItem","position":1,"name":"Inicio","item":"https:\/\/aulinas.cat\/es\/inicio\/"},{"@type":"ListItem","position":2,"name":"Contacto"}]},{"@type":"WebSite","@id":"https:\/\/aulinas.cat\/es\/#website","url":"https:\/\/aulinas.cat\/es\/","name":"Assessoria Aulinas","description":"","publisher":{"@id":"https:\/\/aulinas.cat\/es\/#organization"},"potentialAction":[{"@type":"SearchAction","target":{"@type":"EntryPoint","urlTemplate":"https:\/\/aulinas.cat\/es\/?s={search_term_string}"},"query-input":{"@type":"PropertyValueSpecification","valueRequired":true,"valueName":"search_term_string"}}],"inLanguage":"es"},{"@type":"Organization","@id":"https:\/\/aulinas.cat\/es\/#organization","name":"Assessoria Aulinas","url":"https:\/\/aulinas.cat\/es\/","logo":{"@type":"ImageObject","inLanguage":"es","@id":"https:\/\/aulinas.cat\/es\/#\/schema\/logo\/image\/","url":"https:\/\/aulinas.cat\/wp-content\/uploads\/2025\/11\/aulinas-assessors-logotip-negre-vermell.png","contentUrl":"https:\/\/aulinas.cat\/wp-content\/uploads\/2025\/11\/aulinas-assessors-logotip-negre-vermell.png","width":639,"height":186,"caption":"Assessoria Aulinas"},"image":{"@id":"https:\/\/aulinas.cat\/es\/#\/schema\/logo\/image\/"}}]}},"_links":{"self":[{"href":"https:\/\/aulinas.cat\/es\/wp-json\/wp\/v2\/pages\/372","targetHints":{"allow":["GET"]}}],"collection":[{"href":"https:\/\/aulinas.cat\/es\/wp-json\/wp\/v2\/pages"}],"about":[{"href":"https:\/\/aulinas.cat\/es\/wp-json\/wp\/v2\/types\/page"}],"author":[{"embeddable":true,"href":"https:\/\/aulinas.cat\/es\/wp-json\/wp\/v2\/users\/1"}],"replies":[{"embeddable":true,"href":"https:\/\/aulinas.cat\/es\/wp-json\/wp\/v2\/comments?post=372"}],"version-history":[{"count":5,"href":"https:\/\/aulinas.cat\/es\/wp-json\/wp\/v2\/pages\/372\/revisions"}],"predecessor-version":[{"id":577,"href":"https:\/\/aulinas.cat\/es\/wp-json\/wp\/v2\/pages\/372\/revisions\/577"}],"wp:featuredmedia":[{"embeddable":true,"href":"https:\/\/aulinas.cat\/es\/wp-json\/wp\/v2\/media\/394"}],"wp:attachment":[{"href":"https:\/\/aulinas.cat\/es\/wp-json\/wp\/v2\/media?parent=372"}],"curies":[{"name":"wp","href":"https:\/\/api.w.org\/{rel}","templated":true}]}}